{"id":21,"date":"2025-07-29T20:33:51","date_gmt":"2025-07-29T20:33:51","guid":{"rendered":"https:\/\/capresem.cl\/1\/about\/"},"modified":"2025-07-30T13:40:06","modified_gmt":"2025-07-30T13:40:06","slug":"about","status":"publish","type":"page","link":"https:\/\/capresem.cl\/1\/about\/","title":{"rendered":"Nosotros"},"content":{"rendered":"\n\n\n\n\n\n\n\n\n\n\n\n\n<h2>Nosotros<\/h2>\n\n\n\n\n\n<p data-start=\"86\" data-end=\"281\"><strong data-start=\"86\" data-end=\"152\">CAPRESEM SPA (Centro de Capacitaci\u00f3n en Rescate y Emergencias)<\/strong> naci\u00f3 como una iniciativa especializada en formaci\u00f3n cl\u00ednica y operativa para equipos de salud, emergencias y primeros auxilios.<\/p><p>\n<\/p><ul data-start=\"283\" data-end=\"521\">\n<li data-start=\"283\" data-end=\"361\">\n<p data-start=\"285\" data-end=\"361\"><span class=\"relative -mx-px my-[-0.2rem] rounded px-px py-[0.2rem] transition-colors duration-100 ease-in-out\"><strong data-start=\"0\" data-end=\"24\" data-is-only-node=\"\">Misi\u00f3n fundamentada:<\/strong> desde sus inicios, CAPRESEM se propuso \u201ccrear, dise\u00f1ar y generar cursos de capacitaci\u00f3n que ayuden a la productividad y el mejor servicio de nuestros clientes\u201d, bas\u00e1ndose en el conocimiento de sus necesidades reales.<\/span><\/p>\n<\/li>\n<li data-start=\"363\" data-end=\"441\">\n<p data-start=\"365\" data-end=\"441\"><span class=\"relative -mx-px my-[-0.2rem] rounded px-px py-[0.2rem] transition-colors duration-100 ease-in-out\"><strong data-start=\"0\" data-end=\"25\" data-is-only-node=\"\">Visi\u00f3n institucional:<\/strong> aspira a consolidarse como una empresa s\u00f3lida y reconocida a nivel nacional, experta en \u00e1reas como salud, nutrici\u00f3n y diet\u00e9tica, con capacidad para adaptarse y responder eficientemente a las demandas de sus clientes.<\/span><\/p>\n<\/li>\n<li data-start=\"443\" data-end=\"521\">\n<p data-start=\"445\" data-end=\"521\"><span class=\"relative -mx-px my-[-0.2rem] rounded px-px py-[0.2rem] transition-colors duration-100 ease-in-out\"><strong data-start=\"0\" data-end=\"23\" data-is-only-node=\"\">Gesti\u00f3n de calidad:<\/strong> CAPRESEM cuenta con certificaci\u00f3n seg\u00fan la norma <strong data-start=\"73\" data-end=\"85\">NCh 2728<\/strong> y registro en el INN bajo el c\u00f3digo <strong data-start=\"122\" data-end=\"133\">A-10234<\/strong>, lo que respalda su compromiso con la excelencia y confiabilidad en sus procesos<\/span><\/p><\/li><\/ul>\n\n\n\n\n\n\n\n\n\n\n\n\n\n<h2><\/h2>\n\n\n\n<section style=\"background-color: #f4f8fb; padding: 40px 20px; font-family: 'Segoe UI', sans-serif; text-align: center; border-radius: 12px; box-shadow: 0 4px 12px rgba(0,0,0,0.05); max-width: 1000px; margin: 40px auto;\">\n  <h2 style=\"font-size: 32px; color: #0d47a1; margin-bottom: 16px;\">\u00bfQui\u00e9nes Somos?<\/h2>\n  <p style=\"font-size: 18px; color: #333; max-width: 800px; margin: 0 auto 20px;\">\n    CAPRESEM es un centro de capacitaci\u00f3n acreditado que nace con el compromiso de brindar formaci\u00f3n especializada y actualizada a profesionales de la salud, rescatistas y equipos de emergencia. Con enfoque pr\u00e1ctico, certificaci\u00f3n oficial y soporte pedag\u00f3gico permanente, formamos personas capaces de actuar con seguridad y excelencia ante cualquier escenario de urgencia o atenci\u00f3n cl\u00ednica.\n  <\/p>\n  <p style=\"font-size: 16px; color: #555; max-width: 800px; margin: 0 auto;\">\n    Nuestra pol\u00edtica de calidad, certificada bajo norma NCh 2728, garantiza est\u00e1ndares exigentes en todos nuestros procesos formativos y administrativos.\n  <\/p>\n<\/section>\n\n\n\n<h3>Felipe Oyarz\u00fan Santib\u00e1\u00f1ez\u00a0 CEO CAPRESEM<\/h3>\n\n\n\n\n\n\n\n<h2>Experiencia que nos respalda<\/h2>\n\n\n\n\n\n\n\n<br>\n\n\n\n\n\n<br>\n\n\n\n\n\n<br>\n\n\n\n\n\n\n\n\n\n<h2>N\u00fameros que hablan<\/h2>\n\n\n\n\n\n\n\n\n\n\n\n\n\n\n\n\n\n\n\n\n\n\n","protected":false},"excerpt":{"rendered":"","protected":false},"author":1,"featured_media":0,"parent":0,"menu_order":0,"comment_status":"closed","ping_status":"closed","template":"","meta":{"pagelayer_contact_templates":[],"_pagelayer_content":"","footnotes":""},"class_list":["post-21","page","type-page","status-publish","hentry"],"_links":{"self":[{"href":"https:\/\/capresem.cl\/1\/wp-json\/wp\/v2\/pages\/21","targetHints":{"allow":["GET"]}}],"collection":[{"href":"https:\/\/capresem.cl\/1\/wp-json\/wp\/v2\/pages"}],"about":[{"href":"https:\/\/capresem.cl\/1\/wp-json\/wp\/v2\/types\/page"}],"author":[{"embeddable":true,"href":"https:\/\/capresem.cl\/1\/wp-json\/wp\/v2\/users\/1"}],"replies":[{"embeddable":true,"href":"https:\/\/capresem.cl\/1\/wp-json\/wp\/v2\/comments?post=21"}],"version-history":[{"count":4,"href":"https:\/\/capresem.cl\/1\/wp-json\/wp\/v2\/pages\/21\/revisions"}],"predecessor-version":[{"id":83,"href":"https:\/\/capresem.cl\/1\/wp-json\/wp\/v2\/pages\/21\/revisions\/83"}],"wp:attachment":[{"href":"https:\/\/capresem.cl\/1\/wp-json\/wp\/v2\/media?parent=21"}],"curies":[{"name":"wp","href":"https:\/\/api.w.org\/{rel}","templated":true}]}}